{"id":1030,"date":"2018-01-11T09:11:24","date_gmt":"2018-01-11T07:11:24","guid":{"rendered":"https:\/\/www.alurr.eus\/home\/"},"modified":"2026-02-04T00:29:20","modified_gmt":"2026-02-03T22:29:20","slug":"home","status":"publish","type":"page","link":"https:\/\/www.alurr.eus\/es\/","title":{"rendered":"Inicio"},"content":{"rendered":"<p>[vc_row css_animation=\u00bb\u00bb row_type=\u00bbrow\u00bb use_row_as_full_screen_section=\u00bbno\u00bb type=\u00bbfull_width\u00bb anchor=\u00bbzatoz\u00bb angled_section=\u00bbno\u00bb text_align=\u00bbleft\u00bb background_image_as_pattern=\u00bbwithout_pattern\u00bb css=\u00bb.vc_custom_1688403321733{background-color: #e2e2d3 !important;}\u00bb z_index=\u00bb\u00bb][vc_column][vc_row_inner row_type=\u00bbrow\u00bb type=\u00bbgrid\u00bb text_align=\u00bbleft\u00bb css_animation=\u00bb\u00bb][vc_column_inner width=\u00bb1\/4&#8243;][qode_elements_holder number_of_columns=\u00bbone_column\u00bb][qode_elements_holder_item item_padding=\u00bb32px 0 0 0&#8243; advanced_animations=\u00bbno\u00bb item_padding_480=\u00bb28px 0 0 24px\u00bb][vc_column_text]<\/p>\n<h2 style=\"line-height: 1.1;\">Curso<br \/>\n2025-2026<\/h2>\n<p>[\/vc_column_text][\/qode_elements_holder_item][\/qode_elements_holder][\/vc_column_inner][vc_column_inner width=\u00bb3\/4&#8243; css=\u00bb.vc_custom_1515764552379{margin-right: 40px !important;}\u00bb]<div class=\"container_inner\"><div class=\"call_to_action simple\" style=\"padding-top: 32px;padding-bottom: 32px;\"><div class=\"text_wrapper column1\"><div class=\"call_to_action_text  font_size_inherit font_weight_inherit letter_spacing_inherit\" style=\"font-size:16px;font-weight: 300;letter-spacing: 0px;\">\n<h3 style=\"text-align: left;\"><span style=\"color: #fff;\">La matr\u00edcula se podr\u00e1 realizar del 7 de Julio al 30 de Septiembre<\/span><\/h3>\n<\/div><a itemprop=\"url\" href=\"https:\/\/www.alurr.eus\/es\/matriculacion\" class=\"qbutton white big_large\" target=\"_self\" style=\"color: #ffffff;border-color: rgba(255,255,255,0.01);background-color: rgba(0,0,0,0.01);\"data-hover-background-color=rgba(255,255,255,0.01) data-hover-border-color=rgba(255,255,255,0.01) data-hover-color=#ffffff>Realizar matr\u00edcula<\/a><\/div><\/div><\/div>[\/vc_column_inner][\/vc_row_inner][\/vc_column][\/vc_row][vc_row css_animation=\u00bb\u00bb row_type=\u00bbrow\u00bb use_row_as_full_screen_section=\u00bbno\u00bb type=\u00bbgrid\u00bb angled_section=\u00bbno\u00bb text_align=\u00bbleft\u00bb background_image_as_pattern=\u00bbwithout_pattern\u00bb z_index=\u00bb\u00bb css=\u00bb.vc_custom_1531913127351{padding-top: 120px !important;padding-bottom: 100px !important;background-image: url(https:\/\/www.alurr.eus\/wp-content\/uploads\/2018\/01\/background-lines.png?id=104) !important;}\u00bb el_class=\u00bbno-bckg-img-ipad\u00bb][vc_column offset=\u00bbvc_col-lg-3 vc_col-md-3&#8243;][vc_empty_space height=\u00bb69px\u00bb][vc_column_text]<\/p>\n<h1>Alurr Dantza Taldea<\/h1>\n<p>[\/vc_column_text][vc_empty_space height=\u00bb24px\u00bb][vc_column_text]\u201cAlurr Dantza Taldea\u201d es un grupo de baile vasco de Ibarra, un peque\u00f1o pueblo de Guip\u00fazcoa. El grupo empez\u00f3 su recorrido en 1995, y bas\u00e1ndose en la danza tradicional vasca, se ha transformado en un proyecto personal con una perspectiva que va m\u00e1s all\u00e1 de la danza.[\/vc_column_text][vc_empty_space height=\u00bb64px\u00bb]\n\n\t<a href=\"https:\/\/www.alurr.eus\/es\/el-grupo-de-baile\" target=\"_self\" style=\"color: #10181d;font-family: Vidaloka;font-size: 16px;font-weight: 400;text-transform: none;font-style: normal\" class=\"qode-btn qode-btn-medium qode-btn-simple qode-btn-custom-hover-color button-with-line qode-btn-default-hover\" data-hover-color=\"rgba(16,24,29,0.75)\" >\n\t    <span class=\"qode-btn-text\">Con\u00f3cenos<\/span>\t<\/a>\n\n[\/vc_column][vc_column offset=\u00bbvc_col-lg-9 vc_col-md-9&#8243;][qode_elements_holder number_of_columns=\u00bbone_column\u00bb][qode_elements_holder_item item_padding=\u00bb0 50px 0 0 \u00bb horizontal_alignment=\u00bbright\u00bb advanced_animations=\u00bbyes\u00bb start_position=\u00bbbottom\u00bb end_position=\u00bbcenter\u00bb item_padding_1024_1280=\u00bb8px 50px 0 0&#8243; item_padding_600_768=\u00bb55px 50px 0 0&#8243; item_padding_480=\u00bb41px 0 0 0&#8243;][vc_single_image image=\u00bb883&#8243; img_size=\u00bblarge\u00bb qode_css_animation=\u00bb\u00bb][\/qode_elements_holder_item][\/qode_elements_holder][\/vc_column][\/vc_row][vc_row css_animation=\u00bb\u00bb row_type=\u00bbrow\u00bb use_row_as_full_screen_section=\u00bbno\u00bb type=\u00bbfull_width\u00bb angled_section=\u00bbno\u00bb text_align=\u00bbleft\u00bb background_image_as_pattern=\u00bbwithout_pattern\u00bb][vc_column]\n\t\t\t<!-- START News Gallery Post Based4 REVOLUTION SLIDER 6.6.12 --><p class=\"rs-p-wp-fix\"><\/p>\n\t\t\t<rs-module-wrap id=\"rev_slider_3_1_wrapper\" data-source=\"post\" style=\"visibility:hidden;background:#ffffff;padding:0;\">\n\t\t\t\t<rs-module id=\"rev_slider_3_1\" style=\"\" data-version=\"6.6.12\">\n\t\t\t\t\t<rs-slides style=\"overflow: hidden; position: absolute;\">\n\t\t\t\t\t\t<rs-slide style=\"position: absolute;\" data-key=\"rs-11470\" data-title=\"Abierto el plazo de matriculaci\u00f3n para el curso 2025-2026\" data-description=\"Como todos los a\u00f1os, ya est\u00e1 abierto el plazo de matriculaci\u00f3n para el curso 2025-2025 desde el 7 de Julio al 30 de Septiembre.\" data-in=\"x:(100%);\" data-out=\"x:(-60%);\" data-p1=\"Destacados,Noticias\">\n\t\t\t\t\t\t\t<img src=\"\/\/www.alurr.eus\/wp-content\/plugins\/revslider\/public\/assets\/assets\/dummy.png\" alt=\"Matr\u00edcula online para los grupos de baile de Alurr Dantza Taldea\" title=\"Matr\u00edcula online para los grupos de baile de Alurr Dantza Taldea\" width=\"1654\" height=\"1102\" class=\"rev-slidebg tp-rs-img rs-lazyload\" data-lazyload=\"\/\/www.alurr.eus\/wp-content\/uploads\/2020\/07\/dantza-taldea-online-matrikula-alurr.jpg\" data-parallax=\"10\" data-no-retina>\n<!--\n\t\t\t\t\t\t\t--><rs-layer\n\t\t\t\t\t\t\t\tid=\"slider-3-slide-11470-layer-3\" \n\t\t\t\t\t\t\t\tclass=\"tp-shape tp-shapewrapper\"\n\t\t\t\t\t\t\t\tdata-type=\"shape\"\n\t\t\t\t\t\t\t\tdata-rsp_ch=\"on\"\n\t\t\t\t\t\t\t\tdata-xy=\"x:c;y:m;\"\n\t\t\t\t\t\t\t\tdata-text=\"w:normal;fw:400,400,700,700;\"\n\t\t\t\t\t\t\t\tdata-dim=\"w:100%;h:100%;\"\n\t\t\t\t\t\t\t\tdata-basealign=\"slide\"\n\t\t\t\t\t\t\t\tdata-frame_0=\"tp:600;\"\n\t\t\t\t\t\t\t\tdata-frame_1=\"tp:600;st:1000;sp:1500;sR:1000;\"\n\t\t\t\t\t\t\t\tdata-frame_999=\"o:0;tp:600;st:w;sp:1000;sR:6500.0006103516;\"\n\t\t\t\t\t\t\t\tstyle=\"z-index:5;background-color:rgba(0,0,0,0.35);\"\n\t\t\t\t\t\t\t> \n\t\t\t\t\t\t\t<\/rs-layer><!--\n\n\t\t\t\t\t\t\t--><rs-layer\n\t\t\t\t\t\t\t\tid=\"slider-3-slide-11470-layer-1\" \n\t\t\t\t\t\t\t\tclass=\"Newspaper-Title\"\n\t\t\t\t\t\t\t\tdata-type=\"text\"\n\t\t\t\t\t\t\t\tdata-color=\"rgba(255, 255, 255, 1)\"\n\t\t\t\t\t\t\t\tdata-rsp_ch=\"on\"\n\t\t\t\t\t\t\t\tdata-xy=\"xo:50px,50px,50px,30px;yo:165px,135px,105px,130px;\"\n\t\t\t\t\t\t\t\tdata-text=\"w:normal;s:50,50,50,30;l:55,55,55,35;\"\n\t\t\t\t\t\t\t\tdata-dim=\"w:600px,600px,600px,420px;\"\n\t\t\t\t\t\t\t\tdata-padding=\"b:10;\"\n\t\t\t\t\t\t\t\tdata-frame_0=\"y:-100%;o:1;tp:600;\"\n\t\t\t\t\t\t\t\tdata-frame_0_mask=\"u:t;\"\n\t\t\t\t\t\t\t\tdata-frame_1=\"tp:600;st:1000;sp:1500;sR:1000;\"\n\t\t\t\t\t\t\t\tdata-frame_1_mask=\"u:t;\"\n\t\t\t\t\t\t\t\tdata-frame_999=\"st:w;sp:1000;sR:6500.0006103516;auto:true;\"\n\t\t\t\t\t\t\t\tdata-frame_999_mask=\"u:t;\"\n\t\t\t\t\t\t\t\tstyle=\"z-index:6;font-family:'Vidaloka';\"\n\t\t\t\t\t\t\t>Abierto el plazo de matriculaci\u00f3n para el curso 2025-2026 \n\t\t\t\t\t\t\t<\/rs-layer><!--\n\n\t\t\t\t\t\t\t--><rs-layer\n\t\t\t\t\t\t\t\tid=\"slider-3-slide-11470-layer-2\" \n\t\t\t\t\t\t\t\tclass=\"Newspaper-Subtitle\"\n\t\t\t\t\t\t\t\tdata-type=\"text\"\n\t\t\t\t\t\t\t\tdata-color=\"#a6a695\"\n\t\t\t\t\t\t\t\tdata-rsp_ch=\"on\"\n\t\t\t\t\t\t\t\tdata-xy=\"xo:55px,50px,50px,30px;yo:140px,110px,80px,100px;\"\n\t\t\t\t\t\t\t\tdata-text=\"s:15;l:20;fw:400,900,900,900;\"\n\t\t\t\t\t\t\t\tdata-frame_0=\"y:-100%;o:1;tp:600;\"\n\t\t\t\t\t\t\t\tdata-frame_0_mask=\"u:t;\"\n\t\t\t\t\t\t\t\tdata-frame_1=\"tp:600;st:1000;sp:1500;sR:1000;\"\n\t\t\t\t\t\t\t\tdata-frame_1_mask=\"u:t;\"\n\t\t\t\t\t\t\t\tdata-frame_999=\"st:w;sp:1000;sR:6500.0006103516;auto:true;\"\n\t\t\t\t\t\t\t\tdata-frame_999_mask=\"u:t;\"\n\t\t\t\t\t\t\t\tstyle=\"z-index:7;font-family:'Roboto';text-transform:uppercase;\"\n\t\t\t\t\t\t\t>2025-07-05 \n\t\t\t\t\t\t\t<\/rs-layer><!--\n\n\t\t\t\t\t\t\t--><a\n\t\t\t\t\t\t\t\tid=\"slider-3-slide-11470-layer-5\" \n\t\t\t\t\t\t\t\tclass=\"rs-layer Newspaper-Button rev-btn\"\n\t\t\t\t\t\t\t\thref=\"https:\/\/www.alurr.eus\/es\/abierto-el-plazo-de-matriculacion-para-el-curso-2025-2026\/\" target=\"_self\"\n\t\t\t\t\t\t\t\tdata-type=\"button\"\n\t\t\t\t\t\t\t\tdata-color=\"rgba(255, 255, 255, 1)\"\n\t\t\t\t\t\t\t\tdata-xy=\"xo:53px,53px,53px,30px;yo:361px,331px,301px,245px;\"\n\t\t\t\t\t\t\t\tdata-text=\"s:13;l:17;\"\n\t\t\t\t\t\t\t\tdata-dim=\"h:44px,auto,auto,auto;\"\n\t\t\t\t\t\t\t\tdata-rsp_bd=\"off\"\n\t\t\t\t\t\t\t\tdata-padding=\"t:12;r:35;b:12;l:35;\"\n\t\t\t\t\t\t\t\tdata-border=\"bos:solid;boc:rgba(255, 255, 255, 0.25);bow:1px,1px,1px,1px;bor:3px,3px,3px,3px;\"\n\t\t\t\t\t\t\t\tdata-frame_0=\"y:-100%;o:1;tp:600;\"\n\t\t\t\t\t\t\t\tdata-frame_0_mask=\"u:t;\"\n\t\t\t\t\t\t\t\tdata-frame_1=\"tp:600;st:1000;sp:1500;sR:1000;\"\n\t\t\t\t\t\t\t\tdata-frame_1_mask=\"u:t;\"\n\t\t\t\t\t\t\t\tdata-frame_999=\"st:w;sp:1000;sR:6500.0006103516;auto:true;\"\n\t\t\t\t\t\t\t\tdata-frame_999_mask=\"u:t;\"\n\t\t\t\t\t\t\t\tdata-frame_hover=\"c:#000;bgc:#fff;boc:#fff;bor:3px,3px,3px,3px;bos:solid;bow:1px,1px,1px,1px;oX:50;oY:50;e:power1.inOut;\"\n\t\t\t\t\t\t\t\tstyle=\"z-index:8;font-family:'Vidaloka';cursor:pointer;outline:none;box-shadow:none;box-sizing:border-box;-moz-box-sizing:border-box;-webkit-box-sizing:border-box;letter-spacing:2px;\"\n\t\t\t\t\t\t\t>GEHIAGO IRAKURRI \n\t\t\t\t\t\t\t<\/a><!--\n-->\t\t\t\t\t\t<\/rs-slide>\n\t\t\t\t\t<\/rs-slides>\n\t\t\t\t<\/rs-module>\n\t\t\t\t<script>\n\t\t\t\t\tsetREVStartSize({c: 'rev_slider_3_1',rl:[1240,1024,778,480],el:[500,450,400,350],gw:[1240,1024,778,480],gh:[500,450,400,350],type:'standard',justify:'',layout:'fullscreen',offsetContainer:'',offset:'',mh:\"0\"});if (window.RS_MODULES!==undefined && window.RS_MODULES.modules!==undefined && window.RS_MODULES.modules[\"revslider31\"]!==undefined) {window.RS_MODULES.modules[\"revslider31\"].once = false;window.revapi3 = undefined;if (window.RS_MODULES.checkMinimal!==undefined) window.RS_MODULES.checkMinimal()}\n\t\t\t\t<\/script>\n\t\t\t<\/rs-module-wrap>\n\t\t\t<!-- END REVOLUTION SLIDER -->\n[\/vc_column][\/vc_row]<\/p>\n","protected":false},"excerpt":{"rendered":"<p>[vc_row css_animation=\u00bb\u00bb row_type=\u00bbrow\u00bb use_row_as_full_screen_section=\u00bbno\u00bb type=\u00bbfull_width\u00bb anchor=\u00bbzatoz\u00bb angled_section=\u00bbno\u00bb text_align=\u00bbleft\u00bb background_image_as_pattern=\u00bbwithout_pattern\u00bb css=\u00bb.vc_custom_1688403321733{background-color: #e2e2d3 !important;}\u00bb z_index=\u00bb\u00bb][vc_column][vc_row_inner row_type=\u00bbrow\u00bb type=\u00bbgrid\u00bb text_align=\u00bbleft\u00bb css_animation=\u00bb\u00bb][vc_column_inner width=\u00bb1\/4&#8243;][qode_elements_holder number_of_columns=\u00bbone_column\u00bb][qode_elements_holder_item item_padding=\u00bb32px 0 0 0&#8243; advanced_animations=\u00bbno\u00bb item_padding_480=\u00bb28px 0 0 24px\u00bb][vc_column_text] Curso 2025-2026&#8230;<\/p>\n","protected":false},"author":1,"featured_media":0,"parent":0,"menu_order":0,"comment_status":"closed","ping_status":"closed","template":"full_width.php","meta":[],"_links":{"self":[{"href":"https:\/\/www.alurr.eus\/es\/wp-json\/wp\/v2\/pages\/1030"}],"collection":[{"href":"https:\/\/www.alurr.eus\/es\/wp-json\/wp\/v2\/pages"}],"about":[{"href":"https:\/\/www.alurr.eus\/es\/wp-json\/wp\/v2\/types\/page"}],"author":[{"embeddable":true,"href":"https:\/\/www.alurr.eus\/es\/wp-json\/wp\/v2\/users\/1"}],"replies":[{"embeddable":true,"href":"https:\/\/www.alurr.eus\/es\/wp-json\/wp\/v2\/comments?post=1030"}],"version-history":[{"count":16,"href":"https:\/\/www.alurr.eus\/es\/wp-json\/wp\/v2\/pages\/1030\/revisions"}],"predecessor-version":[{"id":17822,"href":"https:\/\/www.alurr.eus\/es\/wp-json\/wp\/v2\/pages\/1030\/revisions\/17822"}],"wp:attachment":[{"href":"https:\/\/www.alurr.eus\/es\/wp-json\/wp\/v2\/media?parent=1030"}],"curies":[{"name":"wp","href":"https:\/\/api.w.org\/{rel}","templated":true}]}}